{"id":387,"date":"2014-06-18T11:37:06","date_gmt":"2014-06-18T11:37:06","guid":{"rendered":"http:\/\/www.itwoorks.com\/taxi\/?page_id=387"},"modified":"2015-07-31T15:07:56","modified_gmt":"2015-07-31T15:07:56","slug":"inici","status":"publish","type":"page","link":"https:\/\/www.taxis-costabrava.com\/es\/home-2\/inici\/","title":{"rendered":"Reserva"},"content":{"rendered":"<p><\/p>\n<h1 class=\"smallp\" style=\"text-align: center;\"><a href=\"tel:+34659936772\">+34 659 936 772<\/a><\/h1>\n<div data-effect=\"fadeInUp\" class=\"milestone-counter rnr-animate animated\" data-perc=\"1995\"><span class=\"milestone-count highlight\">1995<\/span><h6 class=\"milestone-details\">Desde<\/h6><\/div>\n<\/p>\n<p>Nuestra empresa fu\u00e9 creada con el objetivo de ofrecer un servicio de taxi r\u00e1pido y eficaz en la Costa Brava.<\/p>\n<p>Poco a poco, con la confianza de los clientes y nuestras ganas de progresar hemos podido abarcar m\u00e1s territorio i adquirir m\u00e1s compromisos. Hoy en d\u00eda somos una empresa de taxis con un gran abanico de posibilidades, con veh\u00edculos de 5, 7 y 9 plazas y veh\u00edculos de 9 plazas adaptados para minusv\u00e1lidos. As\u00ed que ya sabes, si necesitas un taxi, ll\u00e1manos.<\/p>\n<p>\n<div id=\"home-slider\" class=\"flexslider\"><div data-effect=\"fadeInUp\" class=\"rnr-animate animated\">\t\t\t\n                          <ul class=\"slides styled-list\">\n<li class=\"home-slide\"><p class=\"home-slide-content\">SERVICIO<span class=\"highlight\">PROFESIONAL<\/span>Adaptado<\/p><\/li>\n<li class=\"home-slide\"><p class=\"home-slide-content\">M\u00c1XIMA<span class=\"highlight\">DEDICACI\u00d3N<\/span>POSIBLE<\/p><\/li>\n<li class=\"home-slide\"><p class=\"home-slide-content\">ATENCI\u00d3N<span class=\"highlight\">24H<\/span> 365<\/p><\/li>\n<\/ul>\n\t\t\t\t\t   <\/div><\/div><\/p>","protected":false},"excerpt":{"rendered":"<p>+34 659 936 772 Nuestra empresa fu\u00e9 creada con el objetivo de ofrecer un servicio de taxi r\u00e1pido y eficaz en la Costa Brava. Poco a poco, con la confianza de los clientes y nuestras ganas de progresar hemos podido abarcar m\u00e1s territorio i adquirir m\u00e1s compromisos. Hoy en d\u00eda somos una empresa de taxis&hellip;<\/p>\n<p><a href=\"https:\/\/www.taxis-costabrava.com\/es\/home-2\/inici\/\" class=\"read-more-link\">Read More &rarr;<\/a><\/p>\n","protected":false},"author":1,"featured_media":0,"parent":384,"menu_order":0,"comment_status":"open","ping_status":"open","template":"","meta":[],"_links":{"self":[{"href":"https:\/\/www.taxis-costabrava.com\/es\/wp-json\/wp\/v2\/pages\/387"}],"collection":[{"href":"https:\/\/www.taxis-costabrava.com\/es\/wp-json\/wp\/v2\/pages"}],"about":[{"href":"https:\/\/www.taxis-costabrava.com\/es\/wp-json\/wp\/v2\/types\/page"}],"author":[{"embeddable":true,"href":"https:\/\/www.taxis-costabrava.com\/es\/wp-json\/wp\/v2\/users\/1"}],"replies":[{"embeddable":true,"href":"https:\/\/www.taxis-costabrava.com\/es\/wp-json\/wp\/v2\/comments?post=387"}],"version-history":[{"count":9,"href":"https:\/\/www.taxis-costabrava.com\/es\/wp-json\/wp\/v2\/pages\/387\/revisions"}],"predecessor-version":[{"id":730,"href":"https:\/\/www.taxis-costabrava.com\/es\/wp-json\/wp\/v2\/pages\/387\/revisions\/730"}],"up":[{"embeddable":true,"href":"https:\/\/www.taxis-costabrava.com\/es\/wp-json\/wp\/v2\/pages\/384"}],"wp:attachment":[{"href":"https:\/\/www.taxis-costabrava.com\/es\/wp-json\/wp\/v2\/media?parent=387"}],"curies":[{"name":"wp","href":"https:\/\/api.w.org\/{rel}","templated":true}]}}